{"id":71,"date":"2026-04-13T17:41:39","date_gmt":"2026-04-13T16:41:39","guid":{"rendered":"https:\/\/www.humia-conseil.com\/?page_id=71"},"modified":"2026-04-13T17:46:26","modified_gmt":"2026-04-13T16:46:26","slug":"contact","status":"publish","type":"page","link":"https:\/\/www.humia-conseil.com\/index.php\/contact\/","title":{"rendered":"Contact"},"content":{"rendered":"\n<p>HumIA Conseil est une marque de l\u2019entreprise individuelle de conseil dirig\u00e9e par Thierry Herbin depuis janvier 2024.<\/p>\n\n\n\n<p>Adresse: 8 bis chemin des Ch\u00eanes \u2013 69290 Gr\u00e9zieu la Varenne.<\/p>\n\n\n\n<p>SIRET: 98397427000016<\/p>\n\n\n\n<p>TVA Intra: FR04983974270<\/p>\n\n\n\n<figure class=\"wp-block-image aligncenter size-full is-resized\"><img loading=\"lazy\" decoding=\"async\" width=\"360\" height=\"360\" src=\"https:\/\/www.humia-conseil.com\/wp-content\/uploads\/2026\/04\/2023-SIGNATURE-THE.png\" alt=\"\" class=\"wp-image-108\" style=\"width:238px;height:auto\" srcset=\"https:\/\/www.humia-conseil.com\/wp-content\/uploads\/2026\/04\/2023-SIGNATURE-THE.png 360w, https:\/\/www.humia-conseil.com\/wp-content\/uploads\/2026\/04\/2023-SIGNATURE-THE-300x300.png 300w, https:\/\/www.humia-conseil.com\/wp-content\/uploads\/2026\/04\/2023-SIGNATURE-THE-150x150.png 150w\" sizes=\"auto, (max-width: 360px) 100vw, 360px\" \/><\/figure>\n\n\n\n<p><strong>T\u00e9l\u00e9phone :&nbsp;<\/strong>+33(0)6 70 27 62 15<\/p>\n\n\n\n<p><strong>Mail :<\/strong>&nbsp;<a href=\"mailto:thierry@humia-conseil.com?subject=HumIA - Prise de contact avec Thierry Herbin\">thierry@humia-conseil.com<\/a><\/p>\n\n\n\n<p>Scanner ou cliquer sur ce QR Code pour t\u00e9l\u00e9charger ma fiche contact :<\/p>\n\n\n\n<figure class=\"wp-block-image aligncenter size-full is-resized\"><a href=\"https:\/\/business-card.io\/c\/a7adf106-581f-45da-89ad-6eb4104f5b34\/\" target=\"_blank\" rel=\" noreferrer noopener\"><img loading=\"lazy\" decoding=\"async\" width=\"350\" height=\"348\" src=\"https:\/\/www.humia-conseil.com\/wp-content\/uploads\/2026\/04\/Carte-de-Visite-T-Humia.png\" alt=\"\" class=\"wp-image-104\" style=\"width:237px;height:auto\" srcset=\"https:\/\/www.humia-conseil.com\/wp-content\/uploads\/2026\/04\/Carte-de-Visite-T-Humia.png 350w, https:\/\/www.humia-conseil.com\/wp-content\/uploads\/2026\/04\/Carte-de-Visite-T-Humia-300x298.png 300w, https:\/\/www.humia-conseil.com\/wp-content\/uploads\/2026\/04\/Carte-de-Visite-T-Humia-150x150.png 150w\" sizes=\"auto, (max-width: 350px) 100vw, 350px\" \/><\/a><\/figure>\n\n\n\n<div class=\"wp-block-buttons is-content-justification-center is-layout-flex wp-container-core-buttons-is-layout-a89b3969 wp-block-buttons-is-layout-flex\">\n<div class=\"wp-block-button\"><a class=\"wp-block-button__link wp-element-button\" href=\"https:\/\/calendar.app.google\/ZNEGMZBxpmJbDcZp6\" target=\"_blank\" rel=\"noreferrer noopener\">Prendre RDV<\/a><\/div>\n<\/div>\n\n\n\n<p><\/p>\n","protected":false},"excerpt":{"rendered":"<p>HumIA Conseil est une marque de l\u2019entreprise individuelle de conseil dirig\u00e9e par Thierry Herbin depuis janvier 2024. Adresse: 8 bis chemin des Ch\u00eanes \u2013 69290 Gr\u00e9zieu la Varenne. SIRET: 98397427000016 TVA Intra: FR04983974270 T\u00e9l\u00e9phone :&nbsp;+33(0)6 70 27 62 15 Mail :&nbsp;thierry@humia-conseil.com Scanner ou cliquer sur ce QR Code pour t\u00e9l\u00e9charger ma fiche contact :<\/p>\n","protected":false},"author":1,"featured_media":0,"parent":0,"menu_order":0,"comment_status":"closed","ping_status":"closed","template":"","meta":{"footnotes":""},"class_list":["post-71","page","type-page","status-publish","hentry"],"_links":{"self":[{"href":"https:\/\/www.humia-conseil.com\/index.php\/wp-json\/wp\/v2\/pages\/71","targetHints":{"allow":["GET"]}}],"collection":[{"href":"https:\/\/www.humia-conseil.com\/index.php\/wp-json\/wp\/v2\/pages"}],"about":[{"href":"https:\/\/www.humia-conseil.com\/index.php\/wp-json\/wp\/v2\/types\/page"}],"author":[{"embeddable":true,"href":"https:\/\/www.humia-conseil.com\/index.php\/wp-json\/wp\/v2\/users\/1"}],"replies":[{"embeddable":true,"href":"https:\/\/www.humia-conseil.com\/index.php\/wp-json\/wp\/v2\/comments?post=71"}],"version-history":[{"count":4,"href":"https:\/\/www.humia-conseil.com\/index.php\/wp-json\/wp\/v2\/pages\/71\/revisions"}],"predecessor-version":[{"id":114,"href":"https:\/\/www.humia-conseil.com\/index.php\/wp-json\/wp\/v2\/pages\/71\/revisions\/114"}],"wp:attachment":[{"href":"https:\/\/www.humia-conseil.com\/index.php\/wp-json\/wp\/v2\/media?parent=71"}],"curies":[{"name":"wp","href":"https:\/\/api.w.org\/{rel}","templated":true}]}}